{"id":2076,"date":"2018-07-06T10:42:25","date_gmt":"2018-07-06T10:42:25","guid":{"rendered":"https:\/\/tpt.pt\/rgpd\/"},"modified":"2021-11-12T14:46:32","modified_gmt":"2021-11-12T14:46:32","slug":"rgpd","status":"publish","type":"page","link":"https:\/\/tpt.pt\/en\/rgpd\/","title":{"rendered":"GDPR"},"content":{"rendered":"[vc_row type=&#8221;in_container&#8221; full_screen_row_position=&#8221;middle&#8221; scene_position=&#8221;center&#8221; text_color=&#8221;dark&#8221; text_align=&#8221;left&#8221; overlay_strength=&#8221;0.3&#8243; shape_divider_position=&#8221;bottom&#8221; bg_image_animation=&#8221;none&#8221;][vc_column column_padding=&#8221;no-extra-padding&#8221; column_padding_position=&#8221;all&#8221; background_color_opacity=&#8221;1&#8243; background_hover_color_opacity=&#8221;1&#8243; column_link_target=&#8221;_self&#8221; column_shadow=&#8221;none&#8221; column_border_radius=&#8221;none&#8221; width=&#8221;1\/1&#8243; tablet_width_inherit=&#8221;default&#8221; tablet_text_alignment=&#8221;default&#8221; phone_text_alignment=&#8221;default&#8221; column_border_width=&#8221;none&#8221; column_border_style=&#8221;solid&#8221; bg_image_animation=&#8221;none&#8221;][tabbed_section style=&#8221;minimal&#8221; alignment=&#8221;center&#8221; spacing=&#8221;default&#8221; tab_color=&#8221;Accent-Color&#8221; cta_button_style=&#8221;accent-color&#8221; icon_size=&#8221;24&#8243;][tab icon_family=&#8221;none&#8221; title=&#8221;Cookies&#8221; id=&#8221;1636728387198-5&#8243; tab_id=&#8221;1636728387199-1&#8243;][vc_column_text]\n<h2><b>COOKIES<\/b><\/h2>\n<p><span style=\"font-weight: 400;\">A TPT utiliza cookies \u2013 pequenos ficheiros informativos \u2013 para melhorar a sua experi\u00eancia de navega\u00e7\u00e3o. Ao continuar, aceita que o fa\u00e7amos, a n\u00e3o ser que altere as suas defini\u00e7\u00f5es.<\/span><\/p>\n<h3><b>O Que S\u00e3o Cookies:<\/b><\/h3>\n<p><span style=\"font-weight: 400;\">Os cookies s\u00e3o pequenos ficheiros de texto com informa\u00e7\u00e3o relevante que \u00e9 descarregada pelo seu dispositivo de acesso (computador, telem\u00f3vel\/smartphone ou tablet), atrav\u00e9s do navegador de internet (browser), quando um site \u00e9 visitado pelo utilizador, sendo utilizados para armazenar e recuperar informa\u00e7\u00e3o sobre os seus h\u00e1bitos de navega\u00e7\u00e3o por forma a personalizar a navega\u00e7\u00e3o de acordo com as suas prefer\u00eancias.<\/span><\/p>\n<p><span style=\"font-weight: 400;\">Os cookies, dependendo de quanto tempo o utilizador permanece na p\u00e1gina, podem ser classificados como sess\u00e3o ou cookies permanentes. O primeiro tipo de cookies expira quando o utilizador fecha o browser. O segundo tipo de cookies expira quando o seu objetivo foi conclu\u00eddo ou quando s\u00e3o desligados manualmente.<\/span><\/p>\n<p><span style=\"font-weight: 400;\">Este site utiliza cookies para recolher informa\u00e7\u00e3o estat\u00edstica, de modo a analisar o funcionamento do site e a experi\u00eancia de navega\u00e7\u00e3o dos utilizadores, e avaliar a efic\u00e1cia de campanhas publicit\u00e1rias e promocionais.<\/span><\/p>\n<h3><b>Cookies Utilizadas no Site:<\/b><\/h3>\n<p>&nbsp;<\/p>\n<ul>\n<li style=\"font-weight: 400;\">\n<h4><b>Cookies de sess\u00e3o:<\/b><\/h4>\n<p><span style=\"font-weight: 400;\"> s\u00e3o cookies tempor\u00e1rias que permanecem em arquivo de cookies do navegador at\u00e9 que este abandone a p\u00e1gina web, pelo que n\u00e3o fica qualquer registo no disco r\u00edgido do utilizador. A Informa\u00e7\u00e3o recolhida por estes cookies serve para analisar padr\u00f5es de tr\u00e1fego do site o que nos permite melhorar o conte\u00fado e a usabilidade do site.<\/span><\/li>\n<li style=\"font-weight: 400;\">\n<h4><b>Cookies de an\u00e1lise:<\/b><\/h4>\n<p><span style=\"font-weight: 400;\"> S\u00e3o aqueles que recolhem informa\u00e7\u00e3o sobre a experi\u00eancia de navega\u00e7\u00e3o dos utilizadores na p\u00e1gina web, de forma an\u00f3nima, embora por vezes tamb\u00e9m permitam que um utilizador seja identificado, \u00fanica e inequivocamente para obter informa\u00e7\u00f5es sobre os interesses do utilizador nos servi\u00e7os prestados pela p\u00e1gina web. Estes s\u00e3o tratados por n\u00f3s ou por terceiros, permitindo quantificar o n\u00famero de utilizadores e realizar a medi\u00e7\u00e3o e an\u00e1lise estat\u00edstica de como os utilizadores usam o site. Examinamos a sua navega\u00e7\u00e3o no nosso site, com o objetivo de melhorar o fornecimento de produtos e servi\u00e7os que lhe disponibilizamos.<\/span><\/li>\n<li style=\"font-weight: 400;\">\n<h4><b>Cookies publicit\u00e1rias:<\/b><\/h4>\n<p><span style=\"font-weight: 400;\"> S\u00e3o aqueles que bem tratados por n\u00f3s ou por terceiros, nos permitem gerir de uma forma mais eficiente a oferta de espa\u00e7os publicit\u00e1rios que possam existir no site, podendo analisar os seus h\u00e1bitos de navega\u00e7\u00e3o e mostrar-lhe publicidade relacionada com o seu perfil de navega\u00e7\u00e3o.<\/span><\/li>\n<\/ul>\n<h3><b>Exemplos Pr\u00e1ticos:<\/b><\/h3>\n<p>&nbsp;<\/p>\n<ul>\n<li style=\"font-weight: 400;\">\n<h4><b>Cookies pr\u00f3prias:<\/b><\/h4>\n<p><span style=\"font-weight: 400;\"> Utilizados para a Reserva em loja para manter a loja selecionada pelo utilizador.<\/span><\/li>\n<li style=\"font-weight: 400;\">\n<h4><b>Cookies de sess\u00e3o: <\/b><\/h4>\n<ul>\n<li style=\"font-weight: 400;\"><span style=\"font-weight: 400;\">Associam com o carrinho de compras o que escolhe;<\/span><\/li>\n<li style=\"font-weight: 400;\"><span style=\"font-weight: 400;\">Armazenam a informa\u00e7\u00e3o de categoria para mostrar as p\u00e1ginas de forma mais r\u00e1pida;<\/span><\/li>\n<li style=\"font-weight: 400;\"><span style=\"font-weight: 400;\">Indicam se est\u00e1 atualmente logado no site;<\/span><\/li>\n<li style=\"font-weight: 400;\"><span style=\"font-weight: 400;\">Indicam os IDs de sess\u00e3o no servidor;<\/span><\/li>\n<li style=\"font-weight: 400;\"><span style=\"font-weight: 400;\">Guardam os \u00faltimos produtos visualizados;<\/span><\/li>\n<li style=\"font-weight: 400;\"><span style=\"font-weight: 400;\">Guardam Informa\u00e7\u00e3o sobre as pesquisas;<\/span><\/li>\n<li style=\"font-weight: 400;\"><span style=\"font-weight: 400;\">Indicam se o utilizador autoriza o uso de cookies.<\/span><\/li>\n<\/ul>\n<\/li>\n<li style=\"font-weight: 400;\">\n<h4><b>Cookies de terceiros:<\/b><\/h4>\n<ul>\n<li style=\"font-weight: 400;\"><span style=\"font-weight: 400;\">Utilizados para distinguir utilizadores e sess\u00f5es;<\/span><\/li>\n<li style=\"font-weight: 400;\"><span style=\"font-weight: 400;\">Utilizados para determinar novas visitas, sess\u00f5es;<\/span><\/li>\n<li style=\"font-weight: 400;\"><span style=\"font-weight: 400;\">Armazenam a fonte de tr\u00e1fego para explicar como o utilizador chega ao nosso site;<\/span><\/li>\n<li style=\"font-weight: 400;\"><span style=\"font-weight: 400;\">Utilizados para identificar utilizadores e prevenir usos fraudulentos de dados de utilizadores e proteger dados de utilizadores de terceiros;<\/span><\/li>\n<li style=\"font-weight: 400;\"><span style=\"font-weight: 400;\">Utilizados para personalizar publicidade em redes de Publisher;<\/span><\/li>\n<li style=\"font-weight: 400;\"><span style=\"font-weight: 400;\">Utilizados para permitir ao site recordar prefer\u00eancias de navega\u00e7\u00e3o, idioma, regi\u00e3o, etc.<\/span><\/li>\n<\/ul>\n<\/li>\n<li style=\"font-weight: 400;\">\n<h4><b>Outros Cookies:<\/b><\/h4>\n<ul>\n<li style=\"font-weight: 400;\"><span style=\"font-weight: 400;\">Anal\u00edticas web e v\u00eddeos;<\/span><\/li>\n<li style=\"font-weight: 400;\"><span style=\"font-weight: 400;\">Utilizados para determinar que servidor mostra a informa\u00e7\u00e3o ao utilizador;<\/span><\/li>\n<li style=\"font-weight: 400;\"><span style=\"font-weight: 400;\">Utilizados para seguir as sess\u00f5es ativas;<\/span><\/li>\n<li style=\"font-weight: 400;\"><span style=\"font-weight: 400;\">Utilizados para determinar se os cookies est\u00e3o ativos;<\/span><\/li>\n<li style=\"font-weight: 400;\"><span style=\"font-weight: 400;\">Utilizados para medir o tempo de resposta dos utilizadores;<\/span><\/li>\n<li style=\"font-weight: 400;\"><span style=\"font-weight: 400;\">Utilizados para identificar quantas vezes nos visitou um utilizador, que produtos comprou e a que pre\u00e7o comprou.<\/span><\/li>\n<li style=\"font-weight: 400;\"><span style=\"font-weight: 400;\"><span style=\"font-weight: 400;\">E ainda, permitir saber se \u00e9 a primeira visita ao site ou n\u00e3o.<\/span><\/span><\/li>\n<\/ul>\n<\/li>\n<\/ul>\n<h3><b>Desativar a utiliza\u00e7\u00e3o de Cookies no Site<\/b><\/h3>\n<p><span style=\"font-weight: 400;\">Apesar da TPT, por defeito, optimizar o seu site para que usufruir da informa\u00e7\u00e3o dos cookies, o utilizador, caso pretenda, poder\u00e1 desativar esta configura\u00e7\u00e3o no seu browser, sendo certo que n\u00e3o ter\u00e1 uma interac\u00e7\u00e3o t\u00e3o intuitiva, obtida por for\u00e7a dessa capta\u00e7\u00e3o, que lhe poder\u00e1 ser bastante \u00fatil e facilitadora.<\/span><\/p>\n<p><span style=\"font-weight: 400;\">Caso queira desativar esta op\u00e7\u00e3o, poder\u00e1 consultar como faz\u00ea-lo infra:<\/span><\/p>\n<ul>\n<li style=\"font-weight: 400;\"><a href=\"https:\/\/support.google.com\/chrome\/answer\/95647?hl=en\"><span style=\"font-weight: 400;\">Google Chrome<\/span><\/a><\/li>\n<li style=\"font-weight: 400;\"><a href=\"https:\/\/support.microsoft.com\/en-us\/help\/17442\/windows-internet-explorer-delete-manage-cookies\"><span style=\"font-weight: 400;\">Internet explorer<\/span><\/a><\/li>\n<li style=\"font-weight: 400;\"><a href=\"https:\/\/support.apple.com\/kb\/ph17191?locale=en_US\"><span style=\"font-weight: 400;\">Safari<\/span><\/a><\/li>\n<li style=\"font-weight: 400;\"><a href=\"https:\/\/support.mozilla.org\/en-US\/kb\/enable-and-disable-cookies-website-preferences\"><span style=\"font-weight: 400;\">Firefox<\/span><\/a><\/li>\n<\/ul>\n<h3><b>Efeitos da Desativa\u00e7\u00e3o dos Cookies:<\/b><\/h3>\n<p><span style=\"font-weight: 400;\">Se preferir n\u00e3o permitir cookies, tem a possibilidade de desativar os mesmos, no navegador de internet (browser) que utiliza e continuar\u00e1 a navegar.<\/span><\/p>\n<p><span style=\"font-weight: 400;\">Todos os browsers permitem que o utilizador aceite, recuse ou apague os cookies atrav\u00e9s da sele\u00e7\u00e3o das configura\u00e7\u00f5es apropriadas no seu browser. Assim, os utilizadores podem desativar a utiliza\u00e7\u00e3o dos cookies neste site a qualquer momento ao modificar as configura\u00e7\u00f5es do browser.<\/span><\/p>\n<p><span style=\"font-weight: 400;\">No entanto, \u00e9 importante destacar que a desativa\u00e7\u00e3o dos cookies pode impedir que alguns servi\u00e7os da web funcionem corretamente, afetando, total ou parcialmente, a navega\u00e7\u00e3o agrad\u00e1vel e otimizada ao utilizador.<\/span><\/p>\n<h3><b>Legisla\u00e7\u00e3o<\/b><\/h3>\n<p><span style=\"font-weight: 400;\">O tratamento de dados de caracter pessoal dos utilizadores e clientes realizados pela TPT, bem como o envio de comunica\u00e7\u00f5es comerciais realizadas por meios eletr\u00f3nicos est\u00e3o em conformidade com a legisla\u00e7\u00e3o nacional e comunit\u00e1ria em vigor, nomeadamente pelo Regulamento Geral de Prote\u00e7\u00e3o de Dados. \u00a0\u00a0<\/span><\/p>\n<h3><strong><span class=\"col-4\">\u00a0Lista de cookies:<\/span><\/strong><\/h3>\n<p><span class=\"col-8\"><strong>[render_cookies_list]<\/strong><\/span><\/p>\n<h3><\/h3>\n[\/vc_column_text][\/tab][tab icon_family=&#8221;none&#8221; title=&#8221;Policy Privacy&#8221; id=&#8221;1636728387254-6&#8243; tab_id=&#8221;1636728387255-6&#8243;][vc_column_text]\n<h2><b>Policy Privacy<\/b><\/h2>\n[\/vc_column_text][\/tab][\/tabbed_section][\/vc_column][\/vc_row]\n","protected":false},"excerpt":{"rendered":"<p>[vc_row type=&#8221;in_container&#8221; full_screen_row_position=&#8221;middle&#8221; scene_position=&#8221;center&#8221; text_color=&#8221;dark&#8221; text_align=&#8221;left&#8221; overlay_strength=&#8221;0.3&#8243; shape_divider_position=&#8221;bottom&#8221; bg_image_animation=&#8221;none&#8221;][vc_column column_padding=&#8221;no-extra-padding&#8221; column_padding_position=&#8221;all&#8221; background_color_opacity=&#8221;1&#8243; background_hover_color_opacity=&#8221;1&#8243; column_link_target=&#8221;_self&#8221; column_shadow=&#8221;none&#8221; column_border_radius=&#8221;none&#8221; width=&#8221;1\/1&#8243; tablet_width_inherit=&#8221;default&#8221; tablet_text_alignment=&#8221;default&#8221; phone_text_alignment=&#8221;default&#8221; column_border_width=&#8221;none&#8221; column_border_style=&#8221;solid&#8221; bg_image_animation=&#8221;none&#8221;][tabbed_section style=&#8221;minimal&#8221; alignment=&#8221;center&#8221; spacing=&#8221;default&#8221; tab_color=&#8221;Accent-Color&#8221; cta_button_style=&#8221;accent-color&#8221; icon_size=&#8221;24&#8243;][tab icon_family=&#8221;none&#8221;&#8230;<\/p>\n","protected":false},"author":1,"featured_media":0,"parent":0,"menu_order":0,"comment_status":"closed","ping_status":"closed","template":"","meta":{"footnotes":""},"yoast_head":"<!-- This site is optimized with the Yoast SEO plugin v21.9.1 - https:\/\/yoast.com\/wordpress\/plugins\/seo\/ -->\n<title>GDPR | TPT<\/title>\n<meta name=\"robots\" content=\"index, follow, max-snippet:-1, max-image-preview:large, max-video-preview:-1\" \/>\n<link rel=\"canonical\" href=\"https:\/\/tpt.pt\/en\/rgpd\/\" \/>\n<meta property=\"og:locale\" content=\"en_US\" \/>\n<meta property=\"og:type\" content=\"article\" \/>\n<meta property=\"og:title\" content=\"GDPR | TPT\" \/>\n<meta property=\"og:description\" content=\"[vc_row type=&#8221;in_container&#8221; full_screen_row_position=&#8221;middle&#8221; scene_position=&#8221;center&#8221; text_color=&#8221;dark&#8221; text_align=&#8221;left&#8221; overlay_strength=&#8221;0.3&#8243; shape_divider_position=&#8221;bottom&#8221; bg_image_animation=&#8221;none&#8221;][vc_column column_padding=&#8221;no-extra-padding&#8221; column_padding_position=&#8221;all&#8221; background_color_opacity=&#8221;1&#8243; background_hover_color_opacity=&#8221;1&#8243; column_link_target=&#8221;_self&#8221; column_shadow=&#8221;none&#8221; column_border_radius=&#8221;none&#8221; width=&#8221;1\/1&#8243; tablet_width_inherit=&#8221;default&#8221; tablet_text_alignment=&#8221;default&#8221; phone_text_alignment=&#8221;default&#8221; column_border_width=&#8221;none&#8221; column_border_style=&#8221;solid&#8221; bg_image_animation=&#8221;none&#8221;][tabbed_section style=&#8221;minimal&#8221; alignment=&#8221;center&#8221; spacing=&#8221;default&#8221; tab_color=&#8221;Accent-Color&#8221; cta_button_style=&#8221;accent-color&#8221; icon_size=&#8221;24&#8243;][tab icon_family=&#8221;none&#8221;...\" \/>\n<meta property=\"og:url\" content=\"https:\/\/tpt.pt\/en\/rgpd\/\" \/>\n<meta property=\"og:site_name\" content=\"TPT\" \/>\n<meta property=\"article:modified_time\" content=\"2021-11-12T14:46:32+00:00\" \/>\n<meta name=\"twitter:card\" content=\"summary_large_image\" \/>\n<meta name=\"twitter:label1\" content=\"Est. reading time\" \/>\n\t<meta name=\"twitter:data1\" content=\"5 minutes\" \/>\n<script type=\"application\/ld+json\" class=\"yoast-schema-graph\">{\"@context\":\"https:\/\/schema.org\",\"@graph\":[{\"@type\":\"WebPage\",\"@id\":\"https:\/\/tpt.pt\/en\/rgpd\/\",\"url\":\"https:\/\/tpt.pt\/en\/rgpd\/\",\"name\":\"GDPR | TPT\",\"isPartOf\":{\"@id\":\"https:\/\/tpt.pt\/#website\"},\"datePublished\":\"2018-07-06T10:42:25+00:00\",\"dateModified\":\"2021-11-12T14:46:32+00:00\",\"breadcrumb\":{\"@id\":\"https:\/\/tpt.pt\/en\/rgpd\/#breadcrumb\"},\"inLanguage\":\"en-US\",\"potentialAction\":[{\"@type\":\"ReadAction\",\"target\":[\"https:\/\/tpt.pt\/en\/rgpd\/\"]}]},{\"@type\":\"BreadcrumbList\",\"@id\":\"https:\/\/tpt.pt\/en\/rgpd\/#breadcrumb\",\"itemListElement\":[{\"@type\":\"ListItem\",\"position\":1,\"name\":\"In\u00edcio\",\"item\":\"https:\/\/tpt.pt\/\"},{\"@type\":\"ListItem\",\"position\":2,\"name\":\"GDPR\"}]},{\"@type\":\"WebSite\",\"@id\":\"https:\/\/tpt.pt\/#website\",\"url\":\"https:\/\/tpt.pt\/\",\"name\":\"TPT\",\"description\":\"Tr\u00e2nsitos e Servi\u00e7os Aduaneiros\",\"publisher\":{\"@id\":\"https:\/\/tpt.pt\/#organization\"},\"potentialAction\":[{\"@type\":\"SearchAction\",\"target\":{\"@type\":\"EntryPoint\",\"urlTemplate\":\"https:\/\/tpt.pt\/?s={search_term_string}\"},\"query-input\":\"required name=search_term_string\"}],\"inLanguage\":\"en-US\"},{\"@type\":\"Organization\",\"@id\":\"https:\/\/tpt.pt\/#organization\",\"name\":\"TPT\",\"url\":\"https:\/\/tpt.pt\/\",\"logo\":{\"@type\":\"ImageObject\",\"inLanguage\":\"en-US\",\"@id\":\"https:\/\/tpt.pt\/#\/schema\/logo\/image\/\",\"url\":\"https:\/\/tpt.pt\/wp-content\/uploads\/2019\/03\/tpt_logo_cor-1.png\",\"contentUrl\":\"https:\/\/tpt.pt\/wp-content\/uploads\/2019\/03\/tpt_logo_cor-1.png\",\"width\":1921,\"height\":582,\"caption\":\"TPT\"},\"image\":{\"@id\":\"https:\/\/tpt.pt\/#\/schema\/logo\/image\/\"},\"sameAs\":[\"https:\/\/www.linkedin.com\/in\/tpt-transitos-e-servi\u00e7os-aduaneiros-lda-026472186\/\"]}]}<\/script>\n<!-- \/ Yoast SEO plugin. -->","yoast_head_json":{"title":"GDPR | TPT","robots":{"index":"index","follow":"follow","max-snippet":"max-snippet:-1","max-image-preview":"max-image-preview:large","max-video-preview":"max-video-preview:-1"},"canonical":"https:\/\/tpt.pt\/en\/rgpd\/","og_locale":"en_US","og_type":"article","og_title":"GDPR | TPT","og_description":"[vc_row type=&#8221;in_container&#8221; full_screen_row_position=&#8221;middle&#8221; scene_position=&#8221;center&#8221; text_color=&#8221;dark&#8221; text_align=&#8221;left&#8221; overlay_strength=&#8221;0.3&#8243; shape_divider_position=&#8221;bottom&#8221; bg_image_animation=&#8221;none&#8221;][vc_column column_padding=&#8221;no-extra-padding&#8221; column_padding_position=&#8221;all&#8221; background_color_opacity=&#8221;1&#8243; background_hover_color_opacity=&#8221;1&#8243; column_link_target=&#8221;_self&#8221; column_shadow=&#8221;none&#8221; column_border_radius=&#8221;none&#8221; width=&#8221;1\/1&#8243; tablet_width_inherit=&#8221;default&#8221; tablet_text_alignment=&#8221;default&#8221; phone_text_alignment=&#8221;default&#8221; column_border_width=&#8221;none&#8221; column_border_style=&#8221;solid&#8221; bg_image_animation=&#8221;none&#8221;][tabbed_section style=&#8221;minimal&#8221; alignment=&#8221;center&#8221; spacing=&#8221;default&#8221; tab_color=&#8221;Accent-Color&#8221; cta_button_style=&#8221;accent-color&#8221; icon_size=&#8221;24&#8243;][tab icon_family=&#8221;none&#8221;...","og_url":"https:\/\/tpt.pt\/en\/rgpd\/","og_site_name":"TPT","article_modified_time":"2021-11-12T14:46:32+00:00","twitter_card":"summary_large_image","twitter_misc":{"Est. reading time":"5 minutes"},"schema":{"@context":"https:\/\/schema.org","@graph":[{"@type":"WebPage","@id":"https:\/\/tpt.pt\/en\/rgpd\/","url":"https:\/\/tpt.pt\/en\/rgpd\/","name":"GDPR | TPT","isPartOf":{"@id":"https:\/\/tpt.pt\/#website"},"datePublished":"2018-07-06T10:42:25+00:00","dateModified":"2021-11-12T14:46:32+00:00","breadcrumb":{"@id":"https:\/\/tpt.pt\/en\/rgpd\/#breadcrumb"},"inLanguage":"en-US","potentialAction":[{"@type":"ReadAction","target":["https:\/\/tpt.pt\/en\/rgpd\/"]}]},{"@type":"BreadcrumbList","@id":"https:\/\/tpt.pt\/en\/rgpd\/#breadcrumb","itemListElement":[{"@type":"ListItem","position":1,"name":"In\u00edcio","item":"https:\/\/tpt.pt\/"},{"@type":"ListItem","position":2,"name":"GDPR"}]},{"@type":"WebSite","@id":"https:\/\/tpt.pt\/#website","url":"https:\/\/tpt.pt\/","name":"TPT","description":"Tr\u00e2nsitos e Servi\u00e7os Aduaneiros","publisher":{"@id":"https:\/\/tpt.pt\/#organization"},"potentialAction":[{"@type":"SearchAction","target":{"@type":"EntryPoint","urlTemplate":"https:\/\/tpt.pt\/?s={search_term_string}"},"query-input":"required name=search_term_string"}],"inLanguage":"en-US"},{"@type":"Organization","@id":"https:\/\/tpt.pt\/#organization","name":"TPT","url":"https:\/\/tpt.pt\/","logo":{"@type":"ImageObject","inLanguage":"en-US","@id":"https:\/\/tpt.pt\/#\/schema\/logo\/image\/","url":"https:\/\/tpt.pt\/wp-content\/uploads\/2019\/03\/tpt_logo_cor-1.png","contentUrl":"https:\/\/tpt.pt\/wp-content\/uploads\/2019\/03\/tpt_logo_cor-1.png","width":1921,"height":582,"caption":"TPT"},"image":{"@id":"https:\/\/tpt.pt\/#\/schema\/logo\/image\/"},"sameAs":["https:\/\/www.linkedin.com\/in\/tpt-transitos-e-servi\u00e7os-aduaneiros-lda-026472186\/"]}]}},"_links":{"self":[{"href":"https:\/\/tpt.pt\/en\/wp-json\/wp\/v2\/pages\/2076"}],"collection":[{"href":"https:\/\/tpt.pt\/en\/wp-json\/wp\/v2\/pages"}],"about":[{"href":"https:\/\/tpt.pt\/en\/wp-json\/wp\/v2\/types\/page"}],"author":[{"embeddable":true,"href":"https:\/\/tpt.pt\/en\/wp-json\/wp\/v2\/users\/1"}],"replies":[{"embeddable":true,"href":"https:\/\/tpt.pt\/en\/wp-json\/wp\/v2\/comments?post=2076"}],"version-history":[{"count":3,"href":"https:\/\/tpt.pt\/en\/wp-json\/wp\/v2\/pages\/2076\/revisions"}],"predecessor-version":[{"id":2128,"href":"https:\/\/tpt.pt\/en\/wp-json\/wp\/v2\/pages\/2076\/revisions\/2128"}],"wp:attachment":[{"href":"https:\/\/tpt.pt\/en\/wp-json\/wp\/v2\/media?parent=2076"}],"curies":[{"name":"wp","href":"https:\/\/api.w.org\/{rel}","templated":true}]}}